{"id":1906,"date":"2022-03-30T13:14:19","date_gmt":"2022-03-30T13:14:19","guid":{"rendered":"http:\/\/dinopark.com.tr\/?page_id=1906"},"modified":"2022-03-30T13:23:42","modified_gmt":"2022-03-30T13:23:42","slug":"iletisim-bilgileri","status":"publish","type":"page","link":"https:\/\/dinopark.com.tr\/index.php\/iletisim-bilgileri\/","title":{"rendered":"\u0130LET\u0130\u015e\u0130M B\u0130LG\u0130LER\u0130"},"content":{"rendered":"<h2><\/h2>\n<h2 style=\"text-align: center;\">\u0130LET\u0130\u015e\u0130M B\u0130LG\u0130LER\u0130<\/h2>\n<p style=\"text-align: left;\">G\u00f6yn\u00fck Adnan Menderes Bulvar\u0131 No : 69 D\u0130NOPARK Antalya\/Kemer<br \/>\n0533 339 65 85<br \/>\ninfo@dinopark.com.tr<br \/>\n0242 815 29 99<\/p>\n","protected":false},"excerpt":{"rendered":"<p>\u0130LET\u0130\u015e\u0130M B\u0130LG\u0130LER\u0130 G\u00f6yn\u00fck Adnan Menderes Bulvar\u0131 No : 69 D\u0130NOPARK Antalya\/Kemer 0533 339 65 85 info@dinopark.com.tr 0242 815 29 99<\/p>\n","protected":false},"author":1,"featured_media":0,"parent":0,"menu_order":0,"comment_status":"closed","ping_status":"closed","template":"","meta":{"footnotes":""},"class_list":["post-1906","page","type-page","status-publish","hentry"],"_links":{"self":[{"href":"https:\/\/dinopark.com.tr\/index.php\/wp-json\/wp\/v2\/pages\/1906","targetHints":{"allow":["GET"]}}],"collection":[{"href":"https:\/\/dinopark.com.tr\/index.php\/wp-json\/wp\/v2\/pages"}],"about":[{"href":"https:\/\/dinopark.com.tr\/index.php\/wp-json\/wp\/v2\/types\/page"}],"author":[{"embeddable":true,"href":"https:\/\/dinopark.com.tr\/index.php\/wp-json\/wp\/v2\/users\/1"}],"replies":[{"embeddable":true,"href":"https:\/\/dinopark.com.tr\/index.php\/wp-json\/wp\/v2\/comments?post=1906"}],"version-history":[{"count":10,"href":"https:\/\/dinopark.com.tr\/index.php\/wp-json\/wp\/v2\/pages\/1906\/revisions"}],"predecessor-version":[{"id":1918,"href":"https:\/\/dinopark.com.tr\/index.php\/wp-json\/wp\/v2\/pages\/1906\/revisions\/1918"}],"wp:attachment":[{"href":"https:\/\/dinopark.com.tr\/index.php\/wp-json\/wp\/v2\/media?parent=1906"}],"curies":[{"name":"wp","href":"https:\/\/api.w.org\/{rel}","templated":true}]}}