{"id":1526,"date":"2022-03-21T07:58:13","date_gmt":"2022-03-21T07:58:13","guid":{"rendered":"http:\/\/dinopark.com.tr\/?page_id=1526"},"modified":"2022-03-30T13:10:09","modified_gmt":"2022-03-30T13:10:09","slug":"eglenceli-isler","status":"publish","type":"page","link":"https:\/\/dinopark.com.tr\/index.php\/eglenceli-isler\/","title":{"rendered":"E\u011flenceli \u0130\u015fler"},"content":{"rendered":"<div class=\"_df_book df-lite\" id=\"df_1766\"  _slug=\"eglenceli-isler\" data-title=\"eglenceli-isler\" wpoptions=\"true\" thumbtype=\"\" ><\/div><script class=\"df-shortcode-script\" nowprocket type=\"application\/javascript\">window.option_df_1766 = {\"outline\":[],\"autoEnableOutline\":\"false\",\"autoEnableThumbnail\":\"false\",\"overwritePDFOutline\":\"false\",\"direction\":\"1\",\"pageSize\":\"0\",\"source\":\"http:\\\/\\\/dinopark.com.tr\\\/wp-content\\\/uploads\\\/2022\\\/03\\\/Boyamalar.pdf\",\"wpOptions\":\"true\"}; if(window.DFLIP && window.DFLIP.parseBooks){window.DFLIP.parseBooks();}<\/script>\n","protected":false},"excerpt":{"rendered":"","protected":false},"author":1,"featured_media":0,"parent":0,"menu_order":0,"comment_status":"closed","ping_status":"closed","template":"","meta":{"footnotes":""},"class_list":["post-1526","page","type-page","status-publish","hentry"],"_links":{"self":[{"href":"https:\/\/dinopark.com.tr\/index.php\/wp-json\/wp\/v2\/pages\/1526","targetHints":{"allow":["GET"]}}],"collection":[{"href":"https:\/\/dinopark.com.tr\/index.php\/wp-json\/wp\/v2\/pages"}],"about":[{"href":"https:\/\/dinopark.com.tr\/index.php\/wp-json\/wp\/v2\/types\/page"}],"author":[{"embeddable":true,"href":"https:\/\/dinopark.com.tr\/index.php\/wp-json\/wp\/v2\/users\/1"}],"replies":[{"embeddable":true,"href":"https:\/\/dinopark.com.tr\/index.php\/wp-json\/wp\/v2\/comments?post=1526"}],"version-history":[{"count":27,"href":"https:\/\/dinopark.com.tr\/index.php\/wp-json\/wp\/v2\/pages\/1526\/revisions"}],"predecessor-version":[{"id":1905,"href":"https:\/\/dinopark.com.tr\/index.php\/wp-json\/wp\/v2\/pages\/1526\/revisions\/1905"}],"wp:attachment":[{"href":"https:\/\/dinopark.com.tr\/index.php\/wp-json\/wp\/v2\/media?parent=1526"}],"curies":[{"name":"wp","href":"https:\/\/api.w.org\/{rel}","templated":true}]}}