{"id":1451,"date":"2022-03-20T10:46:25","date_gmt":"2022-03-20T10:46:25","guid":{"rendered":"http:\/\/dinopark.com.tr\/?page_id=1451"},"modified":"2022-03-25T11:32:46","modified_gmt":"2022-03-25T11:32:46","slug":"aktiviteler","status":"publish","type":"page","link":"https:\/\/dinopark.com.tr\/index.php\/aktiviteler\/","title":{"rendered":"Aktiviteler"},"content":{"rendered":"\n<div class=\"wp-block-columns is-layout-flex wp-container-core-columns-is-layout-9d6595d7 wp-block-columns-is-layout-flex\">\n<div class=\"wp-block-column is-layout-flow wp-block-column-is-layout-flow\" style=\"flex-basis:100%\">\n<h2 class=\"has-text-align-center wp-block-heading\">\u00dcCRETS\u0130Z AKT\u0130V\u0130TELER<\/h2>\n<\/div>\n<\/div>\n\n\n<div class=\"_df_book df-lite\" id=\"df_1749\"  _slug=\"akviteler\" data-title=\"ucretsiz-aktiviteler\" wpoptions=\"true\" thumbtype=\"\" ><\/div><script class=\"df-shortcode-script\" nowprocket type=\"application\/javascript\">window.option_df_1749 = {\"outline\":[],\"autoEnableOutline\":\"false\",\"autoEnableThumbnail\":\"false\",\"overwritePDFOutline\":\"false\",\"direction\":\"1\",\"pageSize\":\"0\",\"source\":\"http:\\\/\\\/dinopark.com.tr\\\/wp-content\\\/uploads\\\/2022\\\/03\\\/aktiviteler-pdf-.pdf\",\"wpOptions\":\"true\"}; if(window.DFLIP && window.DFLIP.parseBooks){window.DFLIP.parseBooks();}<\/script>\n\n\n\n<h2 class=\"wp-block-heading\"><\/h2>\n\n\n\n<h2 class=\"wp-block-heading\"><\/h2>\n\n\n\n<h2 class=\"wp-block-heading\"><\/h2>\n\n\n\n<h2 class=\"has-text-align-center wp-block-heading\">\u00dcCRETL\u0130 AKT\u0130V\u0130TELER<\/h2>\n\n\n<div class=\"_df_book df-lite\" id=\"df_1757\"  _slug=\"ucretli-aktiviteler\" data-title=\"ucretli-aktiviteler\" wpoptions=\"true\" thumbtype=\"\" ><\/div><script class=\"df-shortcode-script\" nowprocket type=\"application\/javascript\">window.option_df_1757 = {\"outline\":[],\"autoEnableOutline\":\"false\",\"autoEnableThumbnail\":\"false\",\"overwritePDFOutline\":\"false\",\"direction\":\"1\",\"pageSize\":\"0\",\"source\":\"http:\\\/\\\/dinopark.com.tr\\\/wp-content\\\/uploads\\\/2022\\\/03\\\/aktiviteler-pdfUCRETLI-2.pdf\",\"wpOptions\":\"true\"}; if(window.DFLIP && window.DFLIP.parseBooks){window.DFLIP.parseBooks();}<\/script>\n","protected":false},"excerpt":{"rendered":"<p>\u00dcCRETS\u0130Z AKT\u0130V\u0130TELER \u00dcCRETL\u0130 AKT\u0130V\u0130TELER<\/p>\n","protected":false},"author":1,"featured_media":0,"parent":0,"menu_order":0,"comment_status":"closed","ping_status":"closed","template":"","meta":{"footnotes":""},"class_list":["post-1451","page","type-page","status-publish","hentry"],"_links":{"self":[{"href":"https:\/\/dinopark.com.tr\/index.php\/wp-json\/wp\/v2\/pages\/1451","targetHints":{"allow":["GET"]}}],"collection":[{"href":"https:\/\/dinopark.com.tr\/index.php\/wp-json\/wp\/v2\/pages"}],"about":[{"href":"https:\/\/dinopark.com.tr\/index.php\/wp-json\/wp\/v2\/types\/page"}],"author":[{"embeddable":true,"href":"https:\/\/dinopark.com.tr\/index.php\/wp-json\/wp\/v2\/users\/1"}],"replies":[{"embeddable":true,"href":"https:\/\/dinopark.com.tr\/index.php\/wp-json\/wp\/v2\/comments?post=1451"}],"version-history":[{"count":19,"href":"https:\/\/dinopark.com.tr\/index.php\/wp-json\/wp\/v2\/pages\/1451\/revisions"}],"predecessor-version":[{"id":1962,"href":"https:\/\/dinopark.com.tr\/index.php\/wp-json\/wp\/v2\/pages\/1451\/revisions\/1962"}],"wp:attachment":[{"href":"https:\/\/dinopark.com.tr\/index.php\/wp-json\/wp\/v2\/media?parent=1451"}],"curies":[{"name":"wp","href":"https:\/\/api.w.org\/{rel}","templated":true}]}}