{"id":1372,"date":"2022-03-20T00:13:52","date_gmt":"2022-03-20T00:13:52","guid":{"rendered":"http:\/\/dinopark.com.tr\/?page_id=1372"},"modified":"2022-03-29T08:25:20","modified_gmt":"2022-03-29T08:25:20","slug":"iletisim","status":"publish","type":"page","link":"https:\/\/dinopark.com.tr\/index.php\/iletisim\/","title":{"rendered":"\u0130leti\u015fim"},"content":{"rendered":"\r\n<div class=\"wp-block-buttons is-content-justification-center is-layout-flex wp-container-core-buttons-is-layout-16018d1d wp-block-buttons-is-layout-flex\">\r\n<div class=\"wp-block-button is-style-fill\"><a class=\"wp-block-button__link\" href=\"https:\/\/www.google.com\/maps\/place\/Dinopark+Antalya\/@36.6741157,30.5556125,17z\/data=!3m1!4b1!4m5!3m4!1s0x14c3b8e953a1ae25:0x8dfa2bcd315814e9!8m2!3d36.6741157!4d30.5578012\" target=\"_blank\" rel=\"noreferrer noopener\"><strong>Yol Haritas\u0131 \u0130\u00e7in T\u0131klay\u0131n<\/strong><\/a><\/div>\r\n<\/div>\r\n\r\n\r\n\r\n<p>&nbsp;<\/p>\r\n\r\n\r\n\r\n<h3 class=\"wp-block-heading\">Dinopark&#8217;tan Ge\u00e7enler ;<\/h3>\r\n\r\n\r\n\r\n<ul class=\"wp-block-list\">\r\n<li><strong>I\u015f\u0131klar<\/strong>&#8216;dan\u00a0<strong>KL08<\/strong>,\u00a0<strong>KC71A<\/strong>,\u00a0<strong>TK36<\/strong>\u00a0numaral\u0131 otob\u00fcslerden birine binerek\u00a0<strong>5M<\/strong> <strong>Migros<\/strong>\u00a0dura\u011f\u0131nda inip Migros Al\u0131\u015fveri\u015f Merkezi&#8217;nin sa\u011f taraf\u0131ndaki Tekirova toplu ta\u015f\u0131ma ara\u00e7 dura\u011f\u0131ndan\u00a0<strong>Kemer-G\u00f6yn\u00fck<\/strong>\u00a0otob\u00fcs\u00fcne binerek <strong>Dinopark<\/strong> Antalya&#8217;ya ula\u015fabilirsiniz.<\/li>\r\n<li><strong>100.Y\u0131l<\/strong>&#8216;dan\u00a0<strong>600A<\/strong>,\u00a0<strong>KL08,<\/strong>\u00a0<strong>TK36<\/strong>,\u00a0<strong>VC57<\/strong>,\u00a0<strong>800<\/strong>,\u00a0<strong>KC34<\/strong>\u00a0numaral\u0131 otob\u00fcslerden birine binerek\u00a0<strong>5M<\/strong> <strong>Migros<\/strong>\u00a0dura\u011f\u0131nda inip Migros Al\u0131\u015fveri\u015f Merkezi&#8217;nin sa\u011f taraf\u0131ndaki Tekirova toplu ta\u015f\u0131ma ara\u00e7 dura\u011f\u0131ndan\u00a0<strong>Kemer-G\u00f6yn\u00fck<\/strong>\u00a0otob\u00fcs\u00fcne binerek Dinopark Antalya&#8217;ya ula\u015fabilirsiniz.<\/li>\r\n<li><strong>Lara<\/strong>&#8216;dan\u00a0<strong>600A<\/strong>,\u00a0<strong>KL08<\/strong>\u00a0numaral\u0131 otob\u00fcslerden birine binerek\u00a0<strong>5M<\/strong> <strong>Migros<\/strong>\u00a0dura\u011f\u0131nda inip Migros Al\u0131\u015fveri\u015f Merkezi&#8217;nin sa\u011f taraf\u0131ndaki Tekirova toplu ta\u015f\u0131ma ara\u00e7 dura\u011f\u0131ndan\u00a0<strong>Kemer-G\u00f6yn\u00fck<\/strong>\u00a0otob\u00fcs\u00fcne binerek <strong>Dinopark<\/strong> Antalya&#8217;ya ula\u015fabilirsiniz.<\/li>\r\n<li><strong>Konyaalt\u0131<\/strong>&#8216;ndan\u00a0<strong>TK36<\/strong>,\u00a0<strong>KL08<\/strong>,\u00a0<strong>800<\/strong>,\u00a0<strong>UC32<\/strong>,\u00a0<strong>KC33<\/strong>,\u00a0<strong>KC34<\/strong>,\u00a0<strong>KC35<\/strong>\u00a0numaral\u0131 otob\u00fcslerden birine binerek\u00a0<strong>5M<\/strong> <strong>Migros<\/strong>\u00a0dura\u011f\u0131nda inip Migros Al\u0131\u015fveri\u015f Merkezi&#8217;nin sa\u011f taraf\u0131ndaki Tekirova toplu ta\u015f\u0131ma ara\u00e7 dura\u011f\u0131ndan\u00a0<strong>Kemer-G\u00f6yn\u00fck<\/strong>\u00a0otob\u00fcs\u00fcne binerek <strong>Dinopark<\/strong> Antalya&#8217;ya ula\u015fabilirsiniz.<\/li>\r\n<li><strong>Kepez<\/strong>&#8216;den\u00a0<strong>TC16<\/strong>\u00a0otob\u00fcs\u00fcne binerek \u00a0<strong>Otogar<\/strong>\u00a0dura\u011f\u0131nda inip buradan\u00a0<strong>VF02<\/strong>,\u00a0<strong>TK36<\/strong>,\u00a0<strong>TK51<\/strong>\u00a0numaral\u0131 otob\u00fcslerden birine binerek\u00a0<strong>5M<\/strong> <strong>Migros<\/strong>\u00a0dura\u011f\u0131nda inip Migros Al\u0131\u015fveri\u015f Merkezi&#8217;nin sa\u011f taraf\u0131ndaki Tekirova toplu ta\u015f\u0131ma ara\u00e7 dura\u011f\u0131ndan\u00a0<strong>Kemer-G\u00f6yn\u00fck<\/strong>\u00a0otob\u00fcs\u00fcne binerek <strong>Dinopark<\/strong> Antalya&#8217;ya ula\u015fabilirsiniz.<\/li>\r\n<\/ul>\r\n\r\n\r\n\r\n<h3 class=\"wp-block-heading\">Dinopark KM Mesafeleri ;<\/h3>\r\n\r\n\r\n\r\n<p>Dinopark &#8211; Konyaalt\u0131 <strong>28 KM<\/strong><\/p>\r\n\r\n\r\n\r\n<p>Dinopark &#8211; Sar\u0131su <strong>21 KM<\/strong><\/p>\r\n\r\n\r\n\r\n<p>Dinopark &#8211; \u00c7amyuva <strong>15 KM<\/strong><\/p>\r\n\r\n\r\n\r\n<p>Dinopark &#8211; Kemer <strong>14 KM<\/strong><\/p>\r\n","protected":false},"excerpt":{"rendered":"<p>&nbsp; Dinopark&#8217;tan Ge\u00e7enler ; I\u015f\u0131klar&#8216;dan\u00a0KL08,\u00a0KC71A,\u00a0TK36\u00a0numaral\u0131 otob\u00fcslerden birine binerek\u00a05M Migros\u00a0dura\u011f\u0131nda inip Migros Al\u0131\u015fveri\u015f Merkezi&#8217;nin sa\u011f taraf\u0131ndaki Tekirova toplu ta\u015f\u0131ma ara\u00e7 dura\u011f\u0131ndan\u00a0Kemer-G\u00f6yn\u00fck\u00a0otob\u00fcs\u00fcne binerek Dinopark Antalya&#8217;ya ula\u015fabilirsiniz. 100.Y\u0131l&#8216;dan\u00a0600A,\u00a0KL08,\u00a0TK36,\u00a0VC57,\u00a0800,\u00a0KC34\u00a0numaral\u0131 otob\u00fcslerden birine binerek\u00a05M Migros\u00a0dura\u011f\u0131nda inip &#8230;<\/p>\n","protected":false},"author":1,"featured_media":0,"parent":0,"menu_order":0,"comment_status":"closed","ping_status":"closed","template":"","meta":{"footnotes":""},"class_list":["post-1372","page","type-page","status-publish","hentry"],"_links":{"self":[{"href":"https:\/\/dinopark.com.tr\/index.php\/wp-json\/wp\/v2\/pages\/1372","targetHints":{"allow":["GET"]}}],"collection":[{"href":"https:\/\/dinopark.com.tr\/index.php\/wp-json\/wp\/v2\/pages"}],"about":[{"href":"https:\/\/dinopark.com.tr\/index.php\/wp-json\/wp\/v2\/types\/page"}],"author":[{"embeddable":true,"href":"https:\/\/dinopark.com.tr\/index.php\/wp-json\/wp\/v2\/users\/1"}],"replies":[{"embeddable":true,"href":"https:\/\/dinopark.com.tr\/index.php\/wp-json\/wp\/v2\/comments?post=1372"}],"version-history":[{"count":5,"href":"https:\/\/dinopark.com.tr\/index.php\/wp-json\/wp\/v2\/pages\/1372\/revisions"}],"predecessor-version":[{"id":1847,"href":"https:\/\/dinopark.com.tr\/index.php\/wp-json\/wp\/v2\/pages\/1372\/revisions\/1847"}],"wp:attachment":[{"href":"https:\/\/dinopark.com.tr\/index.php\/wp-json\/wp\/v2\/media?parent=1372"}],"curies":[{"name":"wp","href":"https:\/\/api.w.org\/{rel}","templated":true}]}}